{"id":641,"date":"2025-04-14T13:56:20","date_gmt":"2025-04-14T17:56:20","guid":{"rendered":"https:\/\/betesdaboston.com\/?page_id=641"},"modified":"2025-04-14T15:28:08","modified_gmt":"2025-04-14T19:28:08","slug":"nossos-ministerios","status":"publish","type":"page","link":"https:\/\/betesdaboston.com\/en\/nossos-ministerios\/","title":{"rendered":"OUR MINISTRIES"},"content":{"rendered":"<div data-elementor-type=\"wp-page\" data-elementor-id=\"641\" class=\"elementor elementor-641\">\n\t\t\t\t<div class=\"elementor-element elementor-element-7051da5 e-flex e-con-boxed e-con e-parent\" data-id=\"7051da5\" data-element_type=\"container\" data-e-type=\"container\">\n\t\t\t\t\t<div class=\"e-con-inner\">\n\t\t<div class=\"elementor-element elementor-element-f95cde1 e-con-full e-flex e-con e-child\" data-id=\"f95cde1\" data-element_type=\"container\" data-e-type=\"container\">\n\t\t\t\t<div class=\"elementor-element elementor-element-16ee412 elementor-widget elementor-widget-text-editor\" data-id=\"16ee412\" data-element_type=\"widget\" data-e-type=\"widget\" data-widget_type=\"text-editor.default\">\n\t\t\t\t<div class=\"elementor-widget-container\">\n\t\t\t\t\t\t\t\t\t<p class=\"\" data-start=\"80\" data-end=\"104\"><span style=\"color: #000000;\"><strong data-start=\"80\" data-end=\"102\">OUR MINISTRIES<\/strong><\/span><\/p>\n<p class=\"\" data-start=\"106\" data-end=\"320\"><span style=\"color: #000000;\">At Igreja Betesda, we offer ministries for all ages and stages of life, with the goal of promoting spiritual growth, restoration, and the fulfillment of God's purpose in each person's life.<\/span><\/p>\n<p class=\"\" data-start=\"322\" data-end=\"452\"><span style=\"color: #000000;\"><strong data-start=\"322\" data-end=\"368\"><br>Men\u2019s Ministry and Women\u2019s Ministry<\/strong><\/span><br data-start=\"368\" data-end=\"371\"><span style=\"color: #000000;\">Meetings and activities that strengthen faith and promote fellowship among the brethren.<\/span><\/p>\n<p class=\"\" data-start=\"454\" data-end=\"652\"><span style=\"color: #000000;\"><strong data-start=\"454\" data-end=\"489\"><br>Children\u2019s and Youth Ministry<\/strong><\/span><br data-start=\"489\" data-end=\"492\"><span style=\"color: #000000;\">Special programs throughout the year for children and youth, with specific activities for nursery, juniors, pre-teens, teenagers, and young adults.<\/span><\/p>\n<p class=\"\" data-start=\"654\" data-end=\"820\"><span style=\"color: #000000;\"><strong data-start=\"654\" data-end=\"681\"><br>Pastoral Counseling<\/strong><\/span><br data-start=\"681\" data-end=\"684\"><span style=\"color: #000000;\">Counseling with the lead pastors, available Monday through Friday, from 2 PM to 10 PM, offering spiritual support and guidance.<\/span><\/p>\n<p class=\"\" data-start=\"822\" data-end=\"945\"><span style=\"color: #000000;\">We are committed to creating a welcoming environment where everyone can grow, serve, and live the gospel to its fullest.<\/span><\/p>\t\t\t\t\t\t\t\t<\/div>\n\t\t\t\t<\/div>\n\t\t\t\t<\/div>\n\t\t<div class=\"elementor-element elementor-element-3253d57 e-con-full e-flex e-con e-child\" data-id=\"3253d57\" data-element_type=\"container\" data-e-type=\"container\">\n\t\t<div class=\"elementor-element elementor-element-1ed887a e-con-full e-flex e-con e-child\" data-id=\"1ed887a\" data-element_type=\"container\" data-e-type=\"container\">\n\t\t\t\t<div class=\"elementor-element elementor-element-e4738af elementor-widget elementor-widget-image\" data-id=\"e4738af\" data-element_type=\"widget\" data-e-type=\"widget\" data-widget_type=\"image.default\">\n\t\t\t\t<div class=\"elementor-widget-container\">\n\t\t\t\t\t\t\t\t\t\t\t\t\t\t\t<img decoding=\"async\" src=\"https:\/\/betesdaboston.com\/wp-content\/uploads\/2025\/04\/PHOTO-2023-11-17-19-47-27-1-e1744658790311.jpg\" title=\"PHOTO-2023-11-17-19-47-27\" alt=\"PHOTO-2023-11-17-19-47-27\" loading=\"lazy\" \/>\t\t\t\t\t\t\t\t\t\t\t\t\t\t\t<\/div>\n\t\t\t\t<\/div>\n\t\t\t\t<div class=\"elementor-element elementor-element-a924542 elementor-widget elementor-widget-image\" data-id=\"a924542\" data-element_type=\"widget\" data-e-type=\"widget\" data-widget_type=\"image.default\">\n\t\t\t\t<div class=\"elementor-widget-container\">\n\t\t\t\t\t\t\t\t\t\t\t\t\t\t\t<img fetchpriority=\"high\" decoding=\"async\" width=\"768\" height=\"432\" src=\"https:\/\/betesdaboston.com\/wp-content\/uploads\/2025\/04\/PHOTO-2023-11-17-19-38-17-768x432.jpg\" class=\"attachment-medium_large size-medium_large wp-image-653\" alt=\"\" srcset=\"https:\/\/betesdaboston.com\/wp-content\/uploads\/2025\/04\/PHOTO-2023-11-17-19-38-17-768x432.jpg 768w, https:\/\/betesdaboston.com\/wp-content\/uploads\/2025\/04\/PHOTO-2023-11-17-19-38-17-300x169.jpg 300w, https:\/\/betesdaboston.com\/wp-content\/uploads\/2025\/04\/PHOTO-2023-11-17-19-38-17-1024x576.jpg 1024w, https:\/\/betesdaboston.com\/wp-content\/uploads\/2025\/04\/PHOTO-2023-11-17-19-38-17-1536x864.jpg 1536w, https:\/\/betesdaboston.com\/wp-content\/uploads\/2025\/04\/PHOTO-2023-11-17-19-38-17-18x10.jpg 18w, https:\/\/betesdaboston.com\/wp-content\/uploads\/2025\/04\/PHOTO-2023-11-17-19-38-17.jpg 2048w\" sizes=\"(max-width: 768px) 100vw, 768px\" \/>\t\t\t\t\t\t\t\t\t\t\t\t\t\t\t<\/div>\n\t\t\t\t<\/div>\n\t\t\t\t<div class=\"elementor-element elementor-element-a6fee56 elementor-widget elementor-widget-image\" data-id=\"a6fee56\" data-element_type=\"widget\" data-e-type=\"widget\" data-widget_type=\"image.default\">\n\t\t\t\t<div class=\"elementor-widget-container\">\n\t\t\t\t\t\t\t\t\t\t\t\t\t\t\t<img decoding=\"async\" width=\"768\" height=\"438\" src=\"https:\/\/betesdaboston.com\/wp-content\/uploads\/2025\/04\/7-e1744658489659-768x438.jpeg\" class=\"attachment-medium_large size-medium_large wp-image-667\" alt=\"\" srcset=\"https:\/\/betesdaboston.com\/wp-content\/uploads\/2025\/04\/7-e1744658489659-768x438.jpeg 768w, https:\/\/betesdaboston.com\/wp-content\/uploads\/2025\/04\/7-e1744658489659-300x171.jpeg 300w, https:\/\/betesdaboston.com\/wp-content\/uploads\/2025\/04\/7-e1744658489659-1024x584.jpeg 1024w, https:\/\/betesdaboston.com\/wp-content\/uploads\/2025\/04\/7-e1744658489659-1536x876.jpeg 1536w, https:\/\/betesdaboston.com\/wp-content\/uploads\/2025\/04\/7-e1744658489659-18x10.jpeg 18w, https:\/\/betesdaboston.com\/wp-content\/uploads\/2025\/04\/7-e1744658489659.jpeg 1600w\" sizes=\"(max-width: 768px) 100vw, 768px\" \/>\t\t\t\t\t\t\t\t\t\t\t\t\t\t\t<\/div>\n\t\t\t\t<\/div>\n\t\t\t\t<\/div>\n\t\t<div class=\"elementor-element elementor-element-999e4f6 e-con-full e-flex e-con e-child\" data-id=\"999e4f6\" data-element_type=\"container\" data-e-type=\"container\">\n\t\t\t\t<\/div>\n\t\t\t\t<\/div>\n\t\t\t\t\t<\/div>\n\t\t\t\t<\/div>\n\t\t\t\t<\/div>","protected":false},"excerpt":{"rendered":"<p>NOSSOS MINIST\u00c9RIOS Na Igreja Betesda, oferecemos minist\u00e9rios voltados para todas as idades e fases da vida, com o objetivo de [&hellip;]<\/p>\n","protected":false},"author":2,"featured_media":652,"parent":0,"menu_order":0,"comment_status":"closed","ping_status":"closed","template":"","meta":{"_coblocks_attr":"","_coblocks_dimensions":"","_coblocks_responsive_height":"","_coblocks_accordion_ie_support":"","site-sidebar-layout":"no-sidebar","site-content-layout":"","ast-site-content-layout":"full-width-container","site-content-style":"default","site-sidebar-style":"default","ast-global-header-display":"","ast-banner-title-visibility":"","ast-main-header-display":"","ast-hfb-above-header-display":"","ast-hfb-below-header-display":"","ast-hfb-mobile-header-display":"","site-post-title":"disabled","ast-breadcrumbs-content":"","ast-featured-img":"disabled","footer-sml-layout":"","ast-disable-related-posts":"","theme-transparent-header-meta":"","adv-header-id-meta":"","stick-header-meta":"","header-above-stick-meta":"","header-main-stick-meta":"","header-below-stick-meta":"","astra-migrate-meta-layouts":"default","ast-page-background-enabled":"default","ast-page-background-meta":{"desktop":{"background-color":"var(--ast-global-color-5)","background-image":"","background-repeat":"repeat","background-position":"center center","background-size":"auto","background-attachment":"scroll","background-type":"","background-media":"","overlay-type":"","overlay-color":"","overlay-opacity":"","overlay-gradient":""},"tablet":{"background-color":"","background-image":"","background-repeat":"repeat","background-position":"center center","background-size":"auto","background-attachment":"scroll","background-type":"","background-media":"","overlay-type":"","overlay-color":"","overlay-opacity":"","overlay-gradient":""},"mobile":{"background-color":"","background-image":"","background-repeat":"repeat","background-position":"center center","background-size":"auto","background-attachment":"scroll","background-type":"","background-media":"","overlay-type":"","overlay-color":"","overlay-opacity":"","overlay-gradient":""}},"ast-content-background-meta":{"desktop":{"background-color":"var(--ast-global-color-4)","background-image":"","background-repeat":"repeat","background-position":"center center","background-size":"auto","background-attachment":"scroll","background-type":"","background-media":"","overlay-type":"","overlay-color":"","overlay-opacity":"","overlay-gradient":""},"tablet":{"background-color":"var(--ast-global-color-4)","background-image":"","background-repeat":"repeat","background-position":"center center","background-size":"auto","background-attachment":"scroll","background-type":"","background-media":"","overlay-type":"","overlay-color":"","overlay-opacity":"","overlay-gradient":""},"mobile":{"background-color":"var(--ast-global-color-4)","background-image":"","background-repeat":"repeat","background-position":"center center","background-size":"auto","background-attachment":"scroll","background-type":"","background-media":"","overlay-type":"","overlay-color":"","overlay-opacity":"","overlay-gradient":""}},"footnotes":""},"class_list":["post-641","page","type-page","status-publish","has-post-thumbnail","hentry"],"yoast_head":"<!-- This site is optimized with the Yoast SEO plugin v27.4 - https:\/\/yoast.com\/product\/yoast-seo-wordpress\/ -->\n<title>NOSSOS MINIST\u00c9RIOS - Igreja Betesda<\/title>\n<meta name=\"robots\" content=\"index, follow, max-snippet:-1, max-image-preview:large, max-video-preview:-1\" \/>\n<link rel=\"canonical\" href=\"https:\/\/betesdaboston.com\/en\/nossos-ministerios\/\" \/>\n<meta property=\"og:locale\" content=\"en_US\" \/>\n<meta property=\"og:type\" content=\"article\" \/>\n<meta property=\"og:title\" content=\"NOSSOS MINIST\u00c9RIOS - Igreja Betesda\" \/>\n<meta property=\"og:description\" content=\"NOSSOS MINIST\u00c9RIOS Na Igreja Betesda, oferecemos minist\u00e9rios voltados para todas as idades e fases da vida, com o objetivo de [&hellip;]\" \/>\n<meta property=\"og:url\" content=\"https:\/\/betesdaboston.com\/en\/nossos-ministerios\/\" \/>\n<meta property=\"og:site_name\" content=\"Igreja Betesda\" \/>\n<meta property=\"article:modified_time\" content=\"2025-04-14T19:28:08+00:00\" \/>\n<meta property=\"og:image\" content=\"https:\/\/betesdaboston.com\/wp-content\/uploads\/2025\/04\/PHOTO-2023-11-17-19-42-34.jpg\" \/>\n\t<meta property=\"og:image:width\" content=\"320\" \/>\n\t<meta property=\"og:image:height\" content=\"180\" \/>\n\t<meta property=\"og:image:type\" content=\"image\/jpeg\" \/>\n<meta name=\"twitter:card\" content=\"summary_large_image\" \/>\n<meta name=\"twitter:label1\" content=\"Est. reading time\" \/>\n\t<meta name=\"twitter:data1\" content=\"2 minutes\" \/>\n<script type=\"application\/ld+json\" class=\"yoast-schema-graph\">{\"@context\":\"https:\\\/\\\/schema.org\",\"@graph\":[{\"@type\":\"WebPage\",\"@id\":\"https:\\\/\\\/betesdaboston.com\\\/nossos-ministerios\\\/\",\"url\":\"https:\\\/\\\/betesdaboston.com\\\/nossos-ministerios\\\/\",\"name\":\"NOSSOS MINIST\u00c9RIOS - Igreja Betesda\",\"isPartOf\":{\"@id\":\"https:\\\/\\\/betesdaboston.com\\\/#website\"},\"primaryImageOfPage\":{\"@id\":\"https:\\\/\\\/betesdaboston.com\\\/nossos-ministerios\\\/#primaryimage\"},\"image\":{\"@id\":\"https:\\\/\\\/betesdaboston.com\\\/nossos-ministerios\\\/#primaryimage\"},\"thumbnailUrl\":\"https:\\\/\\\/betesdaboston.com\\\/wp-content\\\/uploads\\\/2025\\\/04\\\/PHOTO-2023-11-17-19-42-34.jpg\",\"datePublished\":\"2025-04-14T17:56:20+00:00\",\"dateModified\":\"2025-04-14T19:28:08+00:00\",\"breadcrumb\":{\"@id\":\"https:\\\/\\\/betesdaboston.com\\\/nossos-ministerios\\\/#breadcrumb\"},\"inLanguage\":\"en-US\",\"potentialAction\":[{\"@type\":\"ReadAction\",\"target\":[\"https:\\\/\\\/betesdaboston.com\\\/nossos-ministerios\\\/\"]}]},{\"@type\":\"ImageObject\",\"inLanguage\":\"en-US\",\"@id\":\"https:\\\/\\\/betesdaboston.com\\\/nossos-ministerios\\\/#primaryimage\",\"url\":\"https:\\\/\\\/betesdaboston.com\\\/wp-content\\\/uploads\\\/2025\\\/04\\\/PHOTO-2023-11-17-19-42-34.jpg\",\"contentUrl\":\"https:\\\/\\\/betesdaboston.com\\\/wp-content\\\/uploads\\\/2025\\\/04\\\/PHOTO-2023-11-17-19-42-34.jpg\",\"width\":320,\"height\":180},{\"@type\":\"BreadcrumbList\",\"@id\":\"https:\\\/\\\/betesdaboston.com\\\/nossos-ministerios\\\/#breadcrumb\",\"itemListElement\":[{\"@type\":\"ListItem\",\"position\":1,\"name\":\"Home\",\"item\":\"https:\\\/\\\/betesdaboston.com\\\/\"},{\"@type\":\"ListItem\",\"position\":2,\"name\":\"NOSSOS MINIST\u00c9RIOS\"}]},{\"@type\":\"WebSite\",\"@id\":\"https:\\\/\\\/betesdaboston.com\\\/#website\",\"url\":\"https:\\\/\\\/betesdaboston.com\\\/\",\"name\":\"Igreja Betesda\",\"description\":\"Um lugar de cura, milagres e liberta\u00e7\u00e3o, onde transforma\u00e7\u00f5es espirituais acontecem e vidas s\u00e3o restauradas atrav\u00e9s da f\u00e9 e do poder divino.\",\"publisher\":{\"@id\":\"https:\\\/\\\/betesdaboston.com\\\/#organization\"},\"potentialAction\":[{\"@type\":\"SearchAction\",\"target\":{\"@type\":\"EntryPoint\",\"urlTemplate\":\"https:\\\/\\\/betesdaboston.com\\\/?s={search_term_string}\"},\"query-input\":{\"@type\":\"PropertyValueSpecification\",\"valueRequired\":true,\"valueName\":\"search_term_string\"}}],\"inLanguage\":\"en-US\"},{\"@type\":\"Organization\",\"@id\":\"https:\\\/\\\/betesdaboston.com\\\/#organization\",\"name\":\"Igreja Betesda\",\"url\":\"https:\\\/\\\/betesdaboston.com\\\/\",\"logo\":{\"@type\":\"ImageObject\",\"inLanguage\":\"en-US\",\"@id\":\"https:\\\/\\\/betesdaboston.com\\\/#\\\/schema\\\/logo\\\/image\\\/\",\"url\":\"https:\\\/\\\/betesdaboston.com\\\/wp-content\\\/uploads\\\/2025\\\/04\\\/cropped-Betesda_Web_Logo-1.webp\",\"contentUrl\":\"https:\\\/\\\/betesdaboston.com\\\/wp-content\\\/uploads\\\/2025\\\/04\\\/cropped-Betesda_Web_Logo-1.webp\",\"width\":1920,\"height\":640,\"caption\":\"Igreja Betesda\"},\"image\":{\"@id\":\"https:\\\/\\\/betesdaboston.com\\\/#\\\/schema\\\/logo\\\/image\\\/\"}}]}<\/script>\n<!-- \/ Yoast SEO plugin. -->","yoast_head_json":{"title":"NOSSOS MINIST\u00c9RIOS - Igreja Betesda","robots":{"index":"index","follow":"follow","max-snippet":"max-snippet:-1","max-image-preview":"max-image-preview:large","max-video-preview":"max-video-preview:-1"},"canonical":"https:\/\/betesdaboston.com\/en\/nossos-ministerios\/","og_locale":"en_US","og_type":"article","og_title":"NOSSOS MINIST\u00c9RIOS - Igreja Betesda","og_description":"NOSSOS MINIST\u00c9RIOS Na Igreja Betesda, oferecemos minist\u00e9rios voltados para todas as idades e fases da vida, com o objetivo de [&hellip;]","og_url":"https:\/\/betesdaboston.com\/en\/nossos-ministerios\/","og_site_name":"Igreja Betesda","article_modified_time":"2025-04-14T19:28:08+00:00","og_image":[{"width":320,"height":180,"url":"https:\/\/betesdaboston.com\/wp-content\/uploads\/2025\/04\/PHOTO-2023-11-17-19-42-34.jpg","type":"image\/jpeg"}],"twitter_card":"summary_large_image","twitter_misc":{"Est. reading time":"2 minutes"},"schema":{"@context":"https:\/\/schema.org","@graph":[{"@type":"WebPage","@id":"https:\/\/betesdaboston.com\/nossos-ministerios\/","url":"https:\/\/betesdaboston.com\/nossos-ministerios\/","name":"NOSSOS MINIST\u00c9RIOS - Igreja Betesda","isPartOf":{"@id":"https:\/\/betesdaboston.com\/#website"},"primaryImageOfPage":{"@id":"https:\/\/betesdaboston.com\/nossos-ministerios\/#primaryimage"},"image":{"@id":"https:\/\/betesdaboston.com\/nossos-ministerios\/#primaryimage"},"thumbnailUrl":"https:\/\/betesdaboston.com\/wp-content\/uploads\/2025\/04\/PHOTO-2023-11-17-19-42-34.jpg","datePublished":"2025-04-14T17:56:20+00:00","dateModified":"2025-04-14T19:28:08+00:00","breadcrumb":{"@id":"https:\/\/betesdaboston.com\/nossos-ministerios\/#breadcrumb"},"inLanguage":"en-US","potentialAction":[{"@type":"ReadAction","target":["https:\/\/betesdaboston.com\/nossos-ministerios\/"]}]},{"@type":"ImageObject","inLanguage":"en-US","@id":"https:\/\/betesdaboston.com\/nossos-ministerios\/#primaryimage","url":"https:\/\/betesdaboston.com\/wp-content\/uploads\/2025\/04\/PHOTO-2023-11-17-19-42-34.jpg","contentUrl":"https:\/\/betesdaboston.com\/wp-content\/uploads\/2025\/04\/PHOTO-2023-11-17-19-42-34.jpg","width":320,"height":180},{"@type":"BreadcrumbList","@id":"https:\/\/betesdaboston.com\/nossos-ministerios\/#breadcrumb","itemListElement":[{"@type":"ListItem","position":1,"name":"Home","item":"https:\/\/betesdaboston.com\/"},{"@type":"ListItem","position":2,"name":"NOSSOS MINIST\u00c9RIOS"}]},{"@type":"WebSite","@id":"https:\/\/betesdaboston.com\/#website","url":"https:\/\/betesdaboston.com\/","name":"Igreja Betesda","description":"Um lugar de cura, milagres e liberta\u00e7\u00e3o, onde transforma\u00e7\u00f5es espirituais acontecem e vidas s\u00e3o restauradas atrav\u00e9s da f\u00e9 e do poder divino.","publisher":{"@id":"https:\/\/betesdaboston.com\/#organization"},"potentialAction":[{"@type":"SearchAction","target":{"@type":"EntryPoint","urlTemplate":"https:\/\/betesdaboston.com\/?s={search_term_string}"},"query-input":{"@type":"PropertyValueSpecification","valueRequired":true,"valueName":"search_term_string"}}],"inLanguage":"en-US"},{"@type":"Organization","@id":"https:\/\/betesdaboston.com\/#organization","name":"Igreja Betesda","url":"https:\/\/betesdaboston.com\/","logo":{"@type":"ImageObject","inLanguage":"en-US","@id":"https:\/\/betesdaboston.com\/#\/schema\/logo\/image\/","url":"https:\/\/betesdaboston.com\/wp-content\/uploads\/2025\/04\/cropped-Betesda_Web_Logo-1.webp","contentUrl":"https:\/\/betesdaboston.com\/wp-content\/uploads\/2025\/04\/cropped-Betesda_Web_Logo-1.webp","width":1920,"height":640,"caption":"Igreja Betesda"},"image":{"@id":"https:\/\/betesdaboston.com\/#\/schema\/logo\/image\/"}}]}},"_links":{"self":[{"href":"https:\/\/betesdaboston.com\/en\/wp-json\/wp\/v2\/pages\/641","targetHints":{"allow":["GET"]}}],"collection":[{"href":"https:\/\/betesdaboston.com\/en\/wp-json\/wp\/v2\/pages"}],"about":[{"href":"https:\/\/betesdaboston.com\/en\/wp-json\/wp\/v2\/types\/page"}],"author":[{"embeddable":true,"href":"https:\/\/betesdaboston.com\/en\/wp-json\/wp\/v2\/users\/2"}],"replies":[{"embeddable":true,"href":"https:\/\/betesdaboston.com\/en\/wp-json\/wp\/v2\/comments?post=641"}],"version-history":[{"count":40,"href":"https:\/\/betesdaboston.com\/en\/wp-json\/wp\/v2\/pages\/641\/revisions"}],"predecessor-version":[{"id":700,"href":"https:\/\/betesdaboston.com\/en\/wp-json\/wp\/v2\/pages\/641\/revisions\/700"}],"wp:featuredmedia":[{"embeddable":true,"href":"https:\/\/betesdaboston.com\/en\/wp-json\/wp\/v2\/media\/652"}],"wp:attachment":[{"href":"https:\/\/betesdaboston.com\/en\/wp-json\/wp\/v2\/media?parent=641"}],"curies":[{"name":"wp","href":"https:\/\/api.w.org\/{rel}","templated":true}]}}