{"id":643,"date":"2025-04-14T13:56:48","date_gmt":"2025-04-14T17:56:48","guid":{"rendered":"https:\/\/betesdaboston.com\/?page_id=643"},"modified":"2025-04-14T16:09:31","modified_gmt":"2025-04-14T20:09:31","slug":"nossa-crenca","status":"publish","type":"page","link":"https:\/\/betesdaboston.com\/en\/nossa-crenca\/","title":{"rendered":"NOSSA CREN\u00c7A"},"content":{"rendered":"<div data-elementor-type=\"wp-page\" data-elementor-id=\"643\" class=\"elementor elementor-643\">\n\t\t\t\t<div class=\"elementor-element elementor-element-12bbb70 e-flex e-con-boxed e-con e-parent\" data-id=\"12bbb70\" data-element_type=\"container\" data-e-type=\"container\">\n\t\t\t\t\t<div class=\"e-con-inner\">\n\t\t\t\t\t<\/div>\n\t\t\t\t<\/div>\n\t\t<div class=\"elementor-element elementor-element-bd51c6e e-flex e-con-boxed e-con e-parent\" data-id=\"bd51c6e\" data-element_type=\"container\" data-e-type=\"container\">\n\t\t\t\t\t<div class=\"e-con-inner\">\n\t\t\t\t<div class=\"elementor-element elementor-element-326318c elementor-widget elementor-widget-heading\" data-id=\"326318c\" data-element_type=\"widget\" data-e-type=\"widget\" data-widget_type=\"heading.default\">\n\t\t\t\t<div class=\"elementor-widget-container\">\n\t\t\t\t\t<h2 class=\"elementor-heading-title elementor-size-default\">Our Beliefs<\/h2>\t\t\t\t<\/div>\n\t\t\t\t<\/div>\n\t\t\t\t\t<\/div>\n\t\t\t\t<\/div>\n\t\t<div class=\"elementor-element elementor-element-389afc8 e-flex e-con-boxed e-con e-parent\" data-id=\"389afc8\" data-element_type=\"container\" data-e-type=\"container\">\n\t\t\t\t\t<div class=\"e-con-inner\">\n\t\t\t\t<div class=\"elementor-element elementor-element-4e773d3 elementor-widget elementor-widget-text-editor\" data-id=\"4e773d3\" data-element_type=\"widget\" data-e-type=\"widget\" data-widget_type=\"text-editor.default\">\n\t\t\t\t<div class=\"elementor-widget-container\">\n\t\t\t\t\t\t\t\t\t<p><span style=\"color: #000000;\">At Betesda Church, our faith is grounded in the Word of God as our sole rule of faith and practice. We are an independent church with Pentecostal roots, and we believe in the power of the Holy Spirit to transform lives, heal, deliver, and equip the saints for service in the Kingdom of God.<\/span><\/p><p><strong><span style=\"color: #000000;\">1. The Holy Bible<\/span><\/strong><br \/><span style=\"color: #000000;\">We believe that the Bible is the Word of God, inspired by the Holy Spirit, infallible, and fully sufficient to guide us in every area of life (2 Timothy 3:16-17).<\/span><\/p><p><strong><span style=\"color: #000000;\">2. The Trinity<\/span><\/strong><br \/><span style=\"color: #000000;\">We believe in one God, eternally existing in three persons: Father, Son, and Holy Spirit (Matthew 28:19).<\/span><\/p><p><strong><span style=\"color: #000000;\">3. Jesus Christ<\/span><\/strong><br \/><span style=\"color: #000000;\">We believe in the divinity of Jesus Christ, His virgin birth, His sinless life, His vicarious death on the cross, His bodily resurrection, His ascension to heaven, and His imminent return (John 1:1-14; Acts 1:9-11).<\/span><\/p><p><strong><span style=\"color: #000000;\">4. Salvation by Faith<\/span><\/strong><br \/><span style=\"color: #000000;\">We believe that salvation is a gift of God, received by faith in Jesus Christ, through repentance and the new birth (Ephesians 2:8-9; John 3:3-5).<\/span><\/p><p><strong><span style=\"color: #000000;\">5. The Baptism with the Holy Spirit<\/span><\/strong><br \/><span style=\"color: #000000;\">We believe in the baptism with the Holy Spirit, as a distinct experience from salvation, accompanied by evidence such as speaking in tongues, and that it empowers the believer for service and witness (Acts 1:8; Acts 2:4).<\/span><\/p><p><strong><span style=\"color: #000000;\">6. Spiritual Gifts and Ministries<\/span><\/strong><br \/><span style=\"color: #000000;\">We believe in the continued operation of the gifts of the Holy Spirit, such as prophecy, healing, tongues, and discernment, and in the functioning of ministries for the edification of the Body of Christ (1 Corinthians 12; Ephesians 4:11-13).<\/span><\/p><p><strong><span style=\"color: #000000;\">7. Deliverance and Healing<\/span><\/strong><br \/><span style=\"color: #000000;\">We believe that Jesus still delivers the oppressed and heals the sick. Therefore, we invest in training and ministries that equip members to exercise these ministries both inside and outside the church (Mark 16:17-18).<\/span><\/p><p><strong><span style=\"color: #000000;\">8. The Christian Life and Discipleship<\/span><\/strong><br \/><span style=\"color: #000000;\">We believe in practical and transformative discipleship, which encourages each believer to develop a solid devotional life through the reading of the Word and personal prayer (John 8:31-32; Colossians 2:6-7).<\/span><\/p><p><strong><span style=\"color: #000000;\">9. The Church<\/span><\/strong><br \/><span style=\"color: #000000;\">We believe that the Church is the Body of Christ on Earth, called to proclaim the gospel, make disciples, and serve the community with love and compassion (Matthew 28:19-20; Ephesians 1:22-23).<\/span><\/p><p><strong><span style=\"color: #000000;\">10. The Return of Christ<\/span><\/strong><br \/><span style=\"color: #000000;\">We believe in the literal and visible second coming of Jesus Christ, when He will return to gather His Church and establish His eternal Kingdom (1 Thessalonians 4:16-17; Revelation 22:12).<\/span><\/p>\t\t\t\t\t\t\t\t<\/div>\n\t\t\t\t<\/div>\n\t\t\t\t\t<\/div>\n\t\t\t\t<\/div>\n\t\t\t\t<\/div>","protected":false},"excerpt":{"rendered":"<p>Nossa Cren\u00e7a Na Igreja Betesda, nossa f\u00e9 est\u00e1 firmada na Palavra de Deus como \u00fanica regra de f\u00e9 e pr\u00e1tica. [&hellip;]<\/p>\n","protected":false},"author":2,"featured_media":440,"parent":0,"menu_order":0,"comment_status":"closed","ping_status":"closed","template":"","meta":{"_coblocks_attr":"","_coblocks_dimensions":"","_coblocks_responsive_height":"","_coblocks_accordion_ie_support":"","site-sidebar-layout":"no-sidebar","site-content-layout":"","ast-site-content-layout":"full-width-container","site-content-style":"default","site-sidebar-style":"default","ast-global-header-display":"","ast-banner-title-visibility":"","ast-main-header-display":"","ast-hfb-above-header-display":"","ast-hfb-below-header-display":"","ast-hfb-mobile-header-display":"","site-post-title":"disabled","ast-breadcrumbs-content":"","ast-featured-img":"disabled","footer-sml-layout":"","ast-disable-related-posts":"","theme-transparent-header-meta":"","adv-header-id-meta":"","stick-header-meta":"","header-above-stick-meta":"","header-main-stick-meta":"","header-below-stick-meta":"","astra-migrate-meta-layouts":"default","ast-page-background-enabled":"default","ast-page-background-meta":{"desktop":{"background-color":"var(--ast-global-color-5)","background-image":"","background-repeat":"repeat","background-position":"center center","background-size":"auto","background-attachment":"scroll","background-type":"","background-media":"","overlay-type":"","overlay-color":"","overlay-opacity":"","overlay-gradient":""},"tablet":{"background-color":"","background-image":"","background-repeat":"repeat","background-position":"center center","background-size":"auto","background-attachment":"scroll","background-type":"","background-media":"","overlay-type":"","overlay-color":"","overlay-opacity":"","overlay-gradient":""},"mobile":{"background-color":"","background-image":"","background-repeat":"repeat","background-position":"center center","background-size":"auto","background-attachment":"scroll","background-type":"","background-media":"","overlay-type":"","overlay-color":"","overlay-opacity":"","overlay-gradient":""}},"ast-content-background-meta":{"desktop":{"background-color":"var(--ast-global-color-4)","background-image":"","background-repeat":"repeat","background-position":"center center","background-size":"auto","background-attachment":"scroll","background-type":"","background-media":"","overlay-type":"","overlay-color":"","overlay-opacity":"","overlay-gradient":""},"tablet":{"background-color":"var(--ast-global-color-4)","background-image":"","background-repeat":"repeat","background-position":"center center","background-size":"auto","background-attachment":"scroll","background-type":"","background-media":"","overlay-type":"","overlay-color":"","overlay-opacity":"","overlay-gradient":""},"mobile":{"background-color":"var(--ast-global-color-4)","background-image":"","background-repeat":"repeat","background-position":"center center","background-size":"auto","background-attachment":"scroll","background-type":"","background-media":"","overlay-type":"","overlay-color":"","overlay-opacity":"","overlay-gradient":""}},"footnotes":""},"class_list":["post-643","page","type-page","status-publish","has-post-thumbnail","hentry"],"yoast_head":"<!-- This site is optimized with the Yoast SEO plugin v27.4 - https:\/\/yoast.com\/product\/yoast-seo-wordpress\/ -->\n<title>NOSSA CREN\u00c7A - Igreja Betesda<\/title>\n<meta name=\"robots\" content=\"index, follow, max-snippet:-1, max-image-preview:large, max-video-preview:-1\" \/>\n<link rel=\"canonical\" href=\"https:\/\/betesdaboston.com\/en\/nossa-crenca\/\" \/>\n<meta property=\"og:locale\" content=\"en_US\" \/>\n<meta property=\"og:type\" content=\"article\" \/>\n<meta property=\"og:title\" content=\"NOSSA CREN\u00c7A - Igreja Betesda\" \/>\n<meta property=\"og:description\" content=\"Nossa Cren\u00e7a Na Igreja Betesda, nossa f\u00e9 est\u00e1 firmada na Palavra de Deus como \u00fanica regra de f\u00e9 e pr\u00e1tica. [&hellip;]\" \/>\n<meta property=\"og:url\" content=\"https:\/\/betesdaboston.com\/en\/nossa-crenca\/\" \/>\n<meta property=\"og:site_name\" content=\"Igreja Betesda\" \/>\n<meta property=\"article:modified_time\" content=\"2025-04-14T20:09:31+00:00\" \/>\n<meta property=\"og:image\" content=\"https:\/\/betesdaboston.com\/wp-content\/uploads\/2025\/04\/WhatsApp-Image-2023-11-18-at-4.02.41-PM-1.jpeg\" \/>\n\t<meta property=\"og:image:width\" content=\"1440\" \/>\n\t<meta property=\"og:image:height\" content=\"425\" \/>\n\t<meta property=\"og:image:type\" content=\"image\/jpeg\" \/>\n<meta name=\"twitter:card\" content=\"summary_large_image\" \/>\n<meta name=\"twitter:label1\" content=\"Est. reading time\" \/>\n\t<meta name=\"twitter:data1\" content=\"2 minutes\" \/>\n<script type=\"application\/ld+json\" class=\"yoast-schema-graph\">{\"@context\":\"https:\\\/\\\/schema.org\",\"@graph\":[{\"@type\":\"WebPage\",\"@id\":\"https:\\\/\\\/betesdaboston.com\\\/nossa-crenca\\\/\",\"url\":\"https:\\\/\\\/betesdaboston.com\\\/nossa-crenca\\\/\",\"name\":\"NOSSA CREN\u00c7A - Igreja Betesda\",\"isPartOf\":{\"@id\":\"https:\\\/\\\/betesdaboston.com\\\/#website\"},\"primaryImageOfPage\":{\"@id\":\"https:\\\/\\\/betesdaboston.com\\\/nossa-crenca\\\/#primaryimage\"},\"image\":{\"@id\":\"https:\\\/\\\/betesdaboston.com\\\/nossa-crenca\\\/#primaryimage\"},\"thumbnailUrl\":\"https:\\\/\\\/betesdaboston.com\\\/wp-content\\\/uploads\\\/2025\\\/04\\\/WhatsApp-Image-2023-11-18-at-4.02.41-PM-1.jpeg\",\"datePublished\":\"2025-04-14T17:56:48+00:00\",\"dateModified\":\"2025-04-14T20:09:31+00:00\",\"breadcrumb\":{\"@id\":\"https:\\\/\\\/betesdaboston.com\\\/nossa-crenca\\\/#breadcrumb\"},\"inLanguage\":\"en-US\",\"potentialAction\":[{\"@type\":\"ReadAction\",\"target\":[\"https:\\\/\\\/betesdaboston.com\\\/nossa-crenca\\\/\"]}]},{\"@type\":\"ImageObject\",\"inLanguage\":\"en-US\",\"@id\":\"https:\\\/\\\/betesdaboston.com\\\/nossa-crenca\\\/#primaryimage\",\"url\":\"https:\\\/\\\/betesdaboston.com\\\/wp-content\\\/uploads\\\/2025\\\/04\\\/WhatsApp-Image-2023-11-18-at-4.02.41-PM-1.jpeg\",\"contentUrl\":\"https:\\\/\\\/betesdaboston.com\\\/wp-content\\\/uploads\\\/2025\\\/04\\\/WhatsApp-Image-2023-11-18-at-4.02.41-PM-1.jpeg\",\"width\":1440,\"height\":425},{\"@type\":\"BreadcrumbList\",\"@id\":\"https:\\\/\\\/betesdaboston.com\\\/nossa-crenca\\\/#breadcrumb\",\"itemListElement\":[{\"@type\":\"ListItem\",\"position\":1,\"name\":\"Home\",\"item\":\"https:\\\/\\\/betesdaboston.com\\\/\"},{\"@type\":\"ListItem\",\"position\":2,\"name\":\"NOSSA CREN\u00c7A\"}]},{\"@type\":\"WebSite\",\"@id\":\"https:\\\/\\\/betesdaboston.com\\\/#website\",\"url\":\"https:\\\/\\\/betesdaboston.com\\\/\",\"name\":\"Igreja Betesda\",\"description\":\"Um lugar de cura, milagres e liberta\u00e7\u00e3o, onde transforma\u00e7\u00f5es espirituais acontecem e vidas s\u00e3o restauradas atrav\u00e9s da f\u00e9 e do poder divino.\",\"publisher\":{\"@id\":\"https:\\\/\\\/betesdaboston.com\\\/#organization\"},\"potentialAction\":[{\"@type\":\"SearchAction\",\"target\":{\"@type\":\"EntryPoint\",\"urlTemplate\":\"https:\\\/\\\/betesdaboston.com\\\/?s={search_term_string}\"},\"query-input\":{\"@type\":\"PropertyValueSpecification\",\"valueRequired\":true,\"valueName\":\"search_term_string\"}}],\"inLanguage\":\"en-US\"},{\"@type\":\"Organization\",\"@id\":\"https:\\\/\\\/betesdaboston.com\\\/#organization\",\"name\":\"Igreja Betesda\",\"url\":\"https:\\\/\\\/betesdaboston.com\\\/\",\"logo\":{\"@type\":\"ImageObject\",\"inLanguage\":\"en-US\",\"@id\":\"https:\\\/\\\/betesdaboston.com\\\/#\\\/schema\\\/logo\\\/image\\\/\",\"url\":\"https:\\\/\\\/betesdaboston.com\\\/wp-content\\\/uploads\\\/2025\\\/04\\\/cropped-Betesda_Web_Logo-1.webp\",\"contentUrl\":\"https:\\\/\\\/betesdaboston.com\\\/wp-content\\\/uploads\\\/2025\\\/04\\\/cropped-Betesda_Web_Logo-1.webp\",\"width\":1920,\"height\":640,\"caption\":\"Igreja Betesda\"},\"image\":{\"@id\":\"https:\\\/\\\/betesdaboston.com\\\/#\\\/schema\\\/logo\\\/image\\\/\"}}]}<\/script>\n<!-- \/ Yoast SEO plugin. -->","yoast_head_json":{"title":"NOSSA CREN\u00c7A - Igreja Betesda","robots":{"index":"index","follow":"follow","max-snippet":"max-snippet:-1","max-image-preview":"max-image-preview:large","max-video-preview":"max-video-preview:-1"},"canonical":"https:\/\/betesdaboston.com\/en\/nossa-crenca\/","og_locale":"en_US","og_type":"article","og_title":"NOSSA CREN\u00c7A - Igreja Betesda","og_description":"Nossa Cren\u00e7a Na Igreja Betesda, nossa f\u00e9 est\u00e1 firmada na Palavra de Deus como \u00fanica regra de f\u00e9 e pr\u00e1tica. [&hellip;]","og_url":"https:\/\/betesdaboston.com\/en\/nossa-crenca\/","og_site_name":"Igreja Betesda","article_modified_time":"2025-04-14T20:09:31+00:00","og_image":[{"width":1440,"height":425,"url":"https:\/\/betesdaboston.com\/wp-content\/uploads\/2025\/04\/WhatsApp-Image-2023-11-18-at-4.02.41-PM-1.jpeg","type":"image\/jpeg"}],"twitter_card":"summary_large_image","twitter_misc":{"Est. reading time":"2 minutes"},"schema":{"@context":"https:\/\/schema.org","@graph":[{"@type":"WebPage","@id":"https:\/\/betesdaboston.com\/nossa-crenca\/","url":"https:\/\/betesdaboston.com\/nossa-crenca\/","name":"NOSSA CREN\u00c7A - Igreja Betesda","isPartOf":{"@id":"https:\/\/betesdaboston.com\/#website"},"primaryImageOfPage":{"@id":"https:\/\/betesdaboston.com\/nossa-crenca\/#primaryimage"},"image":{"@id":"https:\/\/betesdaboston.com\/nossa-crenca\/#primaryimage"},"thumbnailUrl":"https:\/\/betesdaboston.com\/wp-content\/uploads\/2025\/04\/WhatsApp-Image-2023-11-18-at-4.02.41-PM-1.jpeg","datePublished":"2025-04-14T17:56:48+00:00","dateModified":"2025-04-14T20:09:31+00:00","breadcrumb":{"@id":"https:\/\/betesdaboston.com\/nossa-crenca\/#breadcrumb"},"inLanguage":"en-US","potentialAction":[{"@type":"ReadAction","target":["https:\/\/betesdaboston.com\/nossa-crenca\/"]}]},{"@type":"ImageObject","inLanguage":"en-US","@id":"https:\/\/betesdaboston.com\/nossa-crenca\/#primaryimage","url":"https:\/\/betesdaboston.com\/wp-content\/uploads\/2025\/04\/WhatsApp-Image-2023-11-18-at-4.02.41-PM-1.jpeg","contentUrl":"https:\/\/betesdaboston.com\/wp-content\/uploads\/2025\/04\/WhatsApp-Image-2023-11-18-at-4.02.41-PM-1.jpeg","width":1440,"height":425},{"@type":"BreadcrumbList","@id":"https:\/\/betesdaboston.com\/nossa-crenca\/#breadcrumb","itemListElement":[{"@type":"ListItem","position":1,"name":"Home","item":"https:\/\/betesdaboston.com\/"},{"@type":"ListItem","position":2,"name":"NOSSA CREN\u00c7A"}]},{"@type":"WebSite","@id":"https:\/\/betesdaboston.com\/#website","url":"https:\/\/betesdaboston.com\/","name":"Igreja Betesda","description":"Um lugar de cura, milagres e liberta\u00e7\u00e3o, onde transforma\u00e7\u00f5es espirituais acontecem e vidas s\u00e3o restauradas atrav\u00e9s da f\u00e9 e do poder divino.","publisher":{"@id":"https:\/\/betesdaboston.com\/#organization"},"potentialAction":[{"@type":"SearchAction","target":{"@type":"EntryPoint","urlTemplate":"https:\/\/betesdaboston.com\/?s={search_term_string}"},"query-input":{"@type":"PropertyValueSpecification","valueRequired":true,"valueName":"search_term_string"}}],"inLanguage":"en-US"},{"@type":"Organization","@id":"https:\/\/betesdaboston.com\/#organization","name":"Igreja Betesda","url":"https:\/\/betesdaboston.com\/","logo":{"@type":"ImageObject","inLanguage":"en-US","@id":"https:\/\/betesdaboston.com\/#\/schema\/logo\/image\/","url":"https:\/\/betesdaboston.com\/wp-content\/uploads\/2025\/04\/cropped-Betesda_Web_Logo-1.webp","contentUrl":"https:\/\/betesdaboston.com\/wp-content\/uploads\/2025\/04\/cropped-Betesda_Web_Logo-1.webp","width":1920,"height":640,"caption":"Igreja Betesda"},"image":{"@id":"https:\/\/betesdaboston.com\/#\/schema\/logo\/image\/"}}]}},"_links":{"self":[{"href":"https:\/\/betesdaboston.com\/en\/wp-json\/wp\/v2\/pages\/643","targetHints":{"allow":["GET"]}}],"collection":[{"href":"https:\/\/betesdaboston.com\/en\/wp-json\/wp\/v2\/pages"}],"about":[{"href":"https:\/\/betesdaboston.com\/en\/wp-json\/wp\/v2\/types\/page"}],"author":[{"embeddable":true,"href":"https:\/\/betesdaboston.com\/en\/wp-json\/wp\/v2\/users\/2"}],"replies":[{"embeddable":true,"href":"https:\/\/betesdaboston.com\/en\/wp-json\/wp\/v2\/comments?post=643"}],"version-history":[{"count":19,"href":"https:\/\/betesdaboston.com\/en\/wp-json\/wp\/v2\/pages\/643\/revisions"}],"predecessor-version":[{"id":719,"href":"https:\/\/betesdaboston.com\/en\/wp-json\/wp\/v2\/pages\/643\/revisions\/719"}],"wp:featuredmedia":[{"embeddable":true,"href":"https:\/\/betesdaboston.com\/en\/wp-json\/wp\/v2\/media\/440"}],"wp:attachment":[{"href":"https:\/\/betesdaboston.com\/en\/wp-json\/wp\/v2\/media?parent=643"}],"curies":[{"name":"wp","href":"https:\/\/api.w.org\/{rel}","templated":true}]}}